{"id":139,"date":"2017-04-26T22:58:38","date_gmt":"2017-04-26T22:58:38","guid":{"rendered":"https:\/\/fannyrigaudcom.wordpress.com\/?page_id=139"},"modified":"2023-01-29T15:35:31","modified_gmt":"2023-01-29T15:35:31","slug":"chinese-medicine","status":"publish","type":"page","link":"https:\/\/fannyrigaud.com\/index.php\/chinese-medicine\/","title":{"rendered":"Chinese Medicine"},"content":{"rendered":"\n<h3 class=\"wp-block-heading\"><strong>Dietotherapie Chinoise<\/strong><\/h3>\n\n\n\n<p>Dans le syst\u00e8me m\u00e9dical chinois, une alimentation d\u00e9s\u00e9quilibr\u00e9e, inadapt\u00e9e, est consid\u00e9r\u00e9e comme une grande cause de maladie depuis des mill\u00e9naires.<br>Bien manger est fondamental pour \u00eatre en bonne sant\u00e9.<br>Parfois ce n\u2019est pas suffisant, mais dans tout les cas c\u2019est indispensable.<\/p>\n\n\n\n<p>La dietoth\u00e9rapie Chinoise est une garantie de s\u00e9rieux<br>\u2013 elle existe depuis des mill\u00e9naires<br>\u2013 Elle est riche d\u2019une exp\u00e9rience exceptionnelle<br>\u2013 Elle peut dire aujourd\u2019hui ce qui est bon ou au contraire mauvais pour notre \u00e9quilibre<\/p>\n\n\n\n<p>La dietotherapie Chinoise utilise les propri\u00e9t\u00e9s des aliments pour entretenir la sant\u00e9, la vitalit\u00e9 et pr\u00e9venir les maladies<br>Ainsi, apr\u00e8s un bilan \u00e9nerg\u00e9tique personnel approfondi , vous d\u00e9couvrez quels sont les aliments \u00e0 privil\u00e9gier et \u00e0 \u00e9viter, des recettes adapt\u00e9es, des conseils subtils afin de retrouver votre \u00e9nergie vitale.<\/p>\n\n\n\n<h3 class=\"wp-block-heading\"><strong>Chi Nei Tsang<\/strong><\/h3>\n\n\n\n<p>What is Chi Nei Tsang?<\/p>\n\n\n\n<p>Chi Nei Tsang literally means \u201cworking the energy of the internal organs\u201d.<\/p>\n\n\n\n<p>Developed by the White Cloud Taoist Monks in ancient China, Chi Nei Tsang is a truly holistic approach to the healing touch modality, which applies the Taoist concept of Five Elements- Fire, Water, Earth, Wood and Metal-, as they relate to our internal organs and the way Chi ( energy) flows through them, to address our whole being.<\/p>\n\n\n\n<p>By moving the Chi, negative energies and blockages are released, which free you up to physical, emotional and spiritual health.<\/p>\n\n\n\n<p>What are the benefits of Chi Nei Tsang ?<\/p>\n\n\n\n<p>It is used to detoxify and strengthen the mind and the body<\/p>\n\n\n\n<p>-Chi Nei Tsang will help to get rid of the different stagnations by elimination and by stimulating the lymphatic and circulation systems<\/p>\n\n\n\n<p>It strengthens the immune system and the resistance to the diseases.<\/p>\n\n\n\n<p>-Chi Nei Tsang will help to \u201cdigest\u201d the emotions<\/p>\n\n\n\n<p>In traditional Chinese Medicine, it is said that our stomach is our second brain<\/p>\n\n\n\n<p>Any negative emotion is going to affect our general well being.<\/p>\n\n\n\n<p>Chi Nei Tsang helps to digest the emotions, helps to listen to our body, a way to a true healing. After a Chi Nei Tsang session, you will learn some exercises to do by yourself in order to be able to cure yourself.<\/p>\n\n\n\n<p><em>Fran\u00e7ais<\/em><\/p>\n\n\n\n<p>Chi Nei Tsang signifie litt\u00e9ralement \u201ctravailler l\u2019\u00e9nergie des organes internes\u201d.<\/p>\n\n\n\n<p>C\u2019est une approche holistique du massage, \u00e0 la fois doux et profond des organes situ\u00e9s dans l\u2019abdomen. C\u2019est un massage puissant, visant \u00e0 enlever les \u00e9nergies n\u00e9gatives qui se sont accumul\u00e9es au fil des ann\u00e9es, soit par des \u00e9motions ( stress, col\u00e8re, tristesse, etc.), soit par des interventions physiques (accidents, chirurgies).<\/p>\n\n\n\n<p>Ces mauvaises \u00e9nergies peuvent engendrer des pathologies, qui peuvent toucher le physique, le mental, l\u2019\u00e9motionnel.<\/p>\n\n\n\n<p>Quels sont les b\u00e9n\u00e9fices du Chi Nei Tsang?<\/p>\n\n\n\n<p>-Le Chi Nei Tsang a pour but de d\u00e9sintoxiquer et de fortifier le corps<\/p>\n\n\n\n<p>Il va aider la personne \u00e0 se d\u00e9barrasser des stagnations en favorisant l\u2019\u00e9limination et en stimulant les syst\u00e8mes lymphatiques et circulatoire.<\/p>\n\n\n\n<p>Il fortifie le syst\u00e8me immunitaire et renforce la r\u00e9sistance aux maladies.<\/p>\n\n\n\n<p>-Le Chi Nei Tsang aide \u00e0 \u201cdig\u00e9rer\u201d les \u00e9motions<\/p>\n\n\n\n<p>En M\u00e9decine Traditionnelle Chinoise, il est dit que notre ventre est notre 2\u00e8me cerveau<\/p>\n\n\n\n<p>Toute \u00e9motion n\u00e9gative non dig\u00e9r\u00e9e va affecter notre \u00e9tat g\u00e9n\u00e9ral.<\/p>\n\n\n\n<p>Le Chi Nei Tsang facilite la digestion \u00e9motionnelle, permet d\u2019\u00eatre \u00e0 l\u2019\u00e9coute de son corps, donc une voie vers un v\u00e9ritable \u00e9panouissement.<\/p>\n\n\n\n<p>Apr\u00e8s la s\u00e9ance, la personne apprend des techniques d\u2019auto massage, des exercices de respiration qui lui permettront d\u2019\u00eatre autonome pour son bien-\u00eatre.<\/p>\n\n\n\n<h3 class=\"wp-block-heading\"><strong>Tuina (massage Th\u00e9rapeutique chinois)<\/strong><\/h3>\n\n\n\n<p>Le massage Tuina fait partie int\u00e9grante de la m\u00e9decine chinoise<\/p>\n\n\n\n<p>Le massage Tuina fait partie int\u00e9grante de la m\u00e9decine chinoise.<\/p>\n\n\n\n<p>Il a pour objectif de permettre une meilleure circulation des \u00e9nergies et du sang.<\/p>\n\n\n\n<p>Les m\u00e9ridiens (circuits \u00e9nerg\u00e9tiques) sont reli\u00e9s \u00e0 l\u2019ensemble des organes du corps et assurent la r\u00e9gulations des \u00e9nergies.<\/p>\n\n\n\n<p>Si les m\u00e9ridiens sont bloqu\u00e9s, cela cr\u00e9e des des d\u00e9s\u00e9quilibres qui conduisent au stress, \u00e0 la fatigue.<\/p>\n\n\n\n<p>Les applications du Tuina contribuent \u00e0 augmenter la long\u00e9vit\u00e9.<\/p>\n\n\n\n<p>Le massage Tuina s\u2019effectue sur une table de massage professionnelle.<\/p>\n\n\n\n<p>Il consiste \u00e0 rep\u00e9rer les zones de tension et \u00e0 d\u00e9nouer les noeuds un par un en profondeur.<\/p>\n\n\n\n<p>Des points \u00e9nerg\u00e9tiques choisis sur mesure selon les besoins de la personne sont solicit\u00e9s afin de r\u00e9tablir la circulation dans les m\u00e9ridiens.<\/p>\n\n\n\n<p>Pratique du Guasha, des ventouses et des moxas<\/p>\n","protected":false},"excerpt":{"rendered":"<p>Dietotherapie Chinoise Dans le syst\u00e8me m\u00e9dical chinois, une alimentation d\u00e9s\u00e9quilibr\u00e9e, inadapt\u00e9e, est consid\u00e9r\u00e9e comme une grande cause de maladie depuis des mill\u00e9naires.Bien manger est fondamental pour \u00eatre en bonne sant\u00e9.Parfois ce n\u2019est pas suffisant, mais dans tout les cas c\u2019est indispensable. La dietoth\u00e9rapie Chinoise est une garantie de s\u00e9rieux\u2013 elle existe depuis des mill\u00e9naires\u2013 Elle [&hellip;]<\/p>\n","protected":false},"author":2,"featured_media":84,"parent":0,"menu_order":0,"comment_status":"closed","ping_status":"closed","template":"","meta":{"footnotes":""},"class_list":["post-139","page","type-page","status-publish","has-post-thumbnail","hentry"],"_links":{"self":[{"href":"https:\/\/fannyrigaud.com\/index.php\/wp-json\/wp\/v2\/pages\/139","targetHints":{"allow":["GET"]}}],"collection":[{"href":"https:\/\/fannyrigaud.com\/index.php\/wp-json\/wp\/v2\/pages"}],"about":[{"href":"https:\/\/fannyrigaud.com\/index.php\/wp-json\/wp\/v2\/types\/page"}],"author":[{"embeddable":true,"href":"https:\/\/fannyrigaud.com\/index.php\/wp-json\/wp\/v2\/users\/2"}],"replies":[{"embeddable":true,"href":"https:\/\/fannyrigaud.com\/index.php\/wp-json\/wp\/v2\/comments?post=139"}],"version-history":[{"count":3,"href":"https:\/\/fannyrigaud.com\/index.php\/wp-json\/wp\/v2\/pages\/139\/revisions"}],"predecessor-version":[{"id":263,"href":"https:\/\/fannyrigaud.com\/index.php\/wp-json\/wp\/v2\/pages\/139\/revisions\/263"}],"wp:featuredmedia":[{"embeddable":true,"href":"https:\/\/fannyrigaud.com\/index.php\/wp-json\/wp\/v2\/media\/84"}],"wp:attachment":[{"href":"https:\/\/fannyrigaud.com\/index.php\/wp-json\/wp\/v2\/media?parent=139"}],"curies":[{"name":"wp","href":"https:\/\/api.w.org\/{rel}","templated":true}]}}