{"id":140,"date":"2017-04-26T22:58:38","date_gmt":"2017-04-26T22:58:38","guid":{"rendered":"https:\/\/fannyrigaudcom.wordpress.com\/?page_id=140"},"modified":"2025-11-24T21:41:59","modified_gmt":"2025-11-24T21:41:59","slug":"shiatsu","status":"publish","type":"page","link":"https:\/\/fannyrigaud.com\/index.php\/shiatsu\/","title":{"rendered":"Shiatsu"},"content":{"rendered":"<div><strong>Bas\u00e9 sur les principes de la M\u00e9decine Traditionnelle Chinoise<\/strong><\/div>\n<div><\/div>\n<div>Le Shiatsu est bas\u00e9 sur les principes de la M\u00e9decine Traditionnelle Chinoise, sur l\u2019\u00e9coute et la prise en compte de la personne dans sa globalit\u00e9.<\/div>\n<div><\/div>\n<div>Il procure une d\u00e9tente physique et psychique profonde, lutte durablement contre le stress, stimule les d\u00e9fenses immunitaires.<\/div>\n<div><\/div>\n<div>Vous \u00eates confortablement install\u00e9 sur un futon.<\/div>\n<div><\/div>\n<div>A l\u2019aide de pressions progressives des pouces et des paumes sur les trajets des m\u00e9ridiens d\u2019acupuncture et leurs extensions, le Shiatsu tonifie ou disperse selon les besoins.<\/div>\n<div><\/div>\n<div>C\u2019est un soin sur mesure.<\/div>\n<div><\/div>\n<div>Prenez le temps de prendre soin de vous\u2026<\/div>\n<div><\/div>\n<div>Le shiatsu n\u2019est pas une m\u00e9decine.<\/div>\n<div><\/div>\n<div>Le Praticien s\u2019engage \u00e0 renvoyer vers tout m\u00e9decin ou sp\u00e9cialiste son client en cas de probl\u00e8me, \u00e0 ne prescrire aucun m\u00e9dicaments, \u00e0 ne pas arr\u00eater un traitement en cours.<\/div>\n","protected":false},"excerpt":{"rendered":"<p>Bas\u00e9 sur les principes de la M\u00e9decine Traditionnelle Chinoise Le Shiatsu est bas\u00e9 sur les principes de la M\u00e9decine Traditionnelle Chinoise, sur l\u2019\u00e9coute et la prise en compte de la personne dans sa globalit\u00e9. Il procure une d\u00e9tente physique et psychique profonde, lutte durablement contre le stress, stimule les d\u00e9fenses immunitaires. Vous \u00eates confortablement install\u00e9 [&hellip;]<\/p>\n","protected":false},"author":2,"featured_media":74,"parent":0,"menu_order":0,"comment_status":"closed","ping_status":"closed","template":"","meta":{"footnotes":""},"class_list":["post-140","page","type-page","status-publish","has-post-thumbnail","hentry"],"_links":{"self":[{"href":"https:\/\/fannyrigaud.com\/index.php\/wp-json\/wp\/v2\/pages\/140","targetHints":{"allow":["GET"]}}],"collection":[{"href":"https:\/\/fannyrigaud.com\/index.php\/wp-json\/wp\/v2\/pages"}],"about":[{"href":"https:\/\/fannyrigaud.com\/index.php\/wp-json\/wp\/v2\/types\/page"}],"author":[{"embeddable":true,"href":"https:\/\/fannyrigaud.com\/index.php\/wp-json\/wp\/v2\/users\/2"}],"replies":[{"embeddable":true,"href":"https:\/\/fannyrigaud.com\/index.php\/wp-json\/wp\/v2\/comments?post=140"}],"version-history":[{"count":1,"href":"https:\/\/fannyrigaud.com\/index.php\/wp-json\/wp\/v2\/pages\/140\/revisions"}],"predecessor-version":[{"id":239,"href":"https:\/\/fannyrigaud.com\/index.php\/wp-json\/wp\/v2\/pages\/140\/revisions\/239"}],"wp:featuredmedia":[{"embeddable":true,"href":"https:\/\/fannyrigaud.com\/index.php\/wp-json\/wp\/v2\/media\/74"}],"wp:attachment":[{"href":"https:\/\/fannyrigaud.com\/index.php\/wp-json\/wp\/v2\/media?parent=140"}],"curies":[{"name":"wp","href":"https:\/\/api.w.org\/{rel}","templated":true}]}}