{"id":141,"date":"2017-04-26T22:58:38","date_gmt":"2017-04-26T22:58:38","guid":{"rendered":"https:\/\/fannyrigaudcom.wordpress.com\/?page_id=141"},"modified":"2025-11-24T21:41:23","modified_gmt":"2025-11-24T21:41:23","slug":"reflexologie-plantaire-thai","status":"publish","type":"page","link":"https:\/\/fannyrigaud.com\/index.php\/reflexologie-plantaire-thai\/","title":{"rendered":"R\u00e9flexologie Plantaire Tha\u00ef"},"content":{"rendered":"\n<p>Issue d\u2019une m\u00e9thode mill\u00e9naire, dans la plus pure tradition tha\u00eflandaise.<br>Par un toucher sp\u00e9cifique bas\u00e9 sur des mouvements lents et rapides sur la surface du pied et des mollets, va d\u00e9bloquer et d\u00e9nouer les tensions et permet ainsi de r\u00e9tablir l\u2019ensemble de l\u2019\u00e9quilibre \u00e9nerg\u00e9tique du corps.<br><\/p>\n\n\n\n<p>Ses bienfaits :<br>&#8211; R\u00e9\u00e9quilibre l\u2019\u00e9nergie du corps<br>&#8211; Efface les tensions, le stress, la fatigue<br>&#8211; Renforce la vitalit\u00e9<br>&#8211; Assoupli les articulations<\/p>\n","protected":false},"excerpt":{"rendered":"<p>Issue d\u2019une m\u00e9thode mill\u00e9naire, dans la plus pure tradition tha\u00eflandaise.Par un toucher sp\u00e9cifique bas\u00e9 sur des mouvements lents et rapides sur la surface du pied et des mollets, va d\u00e9bloquer et d\u00e9nouer les tensions et permet ainsi de r\u00e9tablir l\u2019ensemble de l\u2019\u00e9quilibre \u00e9nerg\u00e9tique du corps. Ses bienfaits :&#8211; R\u00e9\u00e9quilibre l\u2019\u00e9nergie du corps&#8211; Efface les tensions, [&hellip;]<\/p>\n","protected":false},"author":2,"featured_media":82,"parent":0,"menu_order":0,"comment_status":"closed","ping_status":"closed","template":"","meta":{"footnotes":""},"class_list":["post-141","page","type-page","status-publish","has-post-thumbnail","hentry"],"_links":{"self":[{"href":"https:\/\/fannyrigaud.com\/index.php\/wp-json\/wp\/v2\/pages\/141","targetHints":{"allow":["GET"]}}],"collection":[{"href":"https:\/\/fannyrigaud.com\/index.php\/wp-json\/wp\/v2\/pages"}],"about":[{"href":"https:\/\/fannyrigaud.com\/index.php\/wp-json\/wp\/v2\/types\/page"}],"author":[{"embeddable":true,"href":"https:\/\/fannyrigaud.com\/index.php\/wp-json\/wp\/v2\/users\/2"}],"replies":[{"embeddable":true,"href":"https:\/\/fannyrigaud.com\/index.php\/wp-json\/wp\/v2\/comments?post=141"}],"version-history":[{"count":3,"href":"https:\/\/fannyrigaud.com\/index.php\/wp-json\/wp\/v2\/pages\/141\/revisions"}],"predecessor-version":[{"id":238,"href":"https:\/\/fannyrigaud.com\/index.php\/wp-json\/wp\/v2\/pages\/141\/revisions\/238"}],"wp:featuredmedia":[{"embeddable":true,"href":"https:\/\/fannyrigaud.com\/index.php\/wp-json\/wp\/v2\/media\/82"}],"wp:attachment":[{"href":"https:\/\/fannyrigaud.com\/index.php\/wp-json\/wp\/v2\/media?parent=141"}],"curies":[{"name":"wp","href":"https:\/\/api.w.org\/{rel}","templated":true}]}}