{"id":244,"date":"2025-12-23T00:20:07","date_gmt":"2025-12-23T00:20:07","guid":{"rendered":"https:\/\/fannyrigaud.com\/?page_id=244"},"modified":"2025-12-23T00:20:38","modified_gmt":"2025-12-23T00:20:38","slug":"qi-gong-liao-fa","status":"publish","type":"page","link":"https:\/\/fannyrigaud.com\/index.php\/qi-gong-liao-fa\/","title":{"rendered":"Qi Gong Liao Fa"},"content":{"rendered":"\n<figure class=\"wp-block-image size-large\"><img loading=\"lazy\" decoding=\"async\" width=\"683\" height=\"1024\" src=\"https:\/\/fannyrigaud.com\/wp-content\/uploads\/2025\/11\/15-683x1024.jpg\" alt=\"\" class=\"wp-image-218\" srcset=\"https:\/\/fannyrigaud.com\/wp-content\/uploads\/2025\/11\/15-683x1024.jpg 683w, https:\/\/fannyrigaud.com\/wp-content\/uploads\/2025\/11\/15-200x300.jpg 200w, https:\/\/fannyrigaud.com\/wp-content\/uploads\/2025\/11\/15-768x1152.jpg 768w, https:\/\/fannyrigaud.com\/wp-content\/uploads\/2025\/11\/15-1024x1536.jpg 1024w, https:\/\/fannyrigaud.com\/wp-content\/uploads\/2025\/11\/15-1365x2048.jpg 1365w, https:\/\/fannyrigaud.com\/wp-content\/uploads\/2025\/11\/15-scaled.jpg 1707w\" sizes=\"auto, (max-width: 683px) 100vw, 683px\" \/><\/figure>\n\n\n\n<blockquote class=\"wp-block-quote is-layout-flow wp-block-quote-is-layout-flow\">\n<p><strong>Fran\u00e7ais<\/strong><\/p>\n\n\n\n<p><br>Le Qi Gong Liao Fa est l\u2019art de pratiquer l\u2019\u00e9nerg\u00e9tique sur une personne \u00e0 distance, sans forc\u00e9ment toucher, afin de r\u00e9tablir son circuit \u00e9nerg\u00e9tique. <br><\/p>\n\n\n\n<p>Il fait partie int\u00e9grante des pratiques de sant\u00e9 de la m\u00e9decine traditionnelle chinoise, notamment pratiqu\u00e9es par les moines Shao Lin.<\/p>\n\n\n\n<p>La personne pourra ressentir de la chaleur sur les zones trait\u00e9es, un apaisement global et un profond bien-\u00eatre.<\/p>\n<\/blockquote>\n\n\n\n<blockquote class=\"wp-block-quote is-layout-flow wp-block-quote-is-layout-flow\">\n<p><strong>English <\/strong><\/p>\n\n\n\n<p>Qi Gong Liao Fa is the art of practicing energy healing on a person at a distance, without necessarily touching them, in order to restore their energy flow.<\/p>\n\n\n\n<p>It is an integral part of the health practices of Traditional Chinese Medecine, notably practiced by Shao Lin monks<\/p>\n\n\n\n<p>The person may experience warmth in the treated areas, a general <\/p>\n<\/blockquote>\n","protected":false},"excerpt":{"rendered":"<p>Fran\u00e7ais Le Qi Gong Liao Fa est l\u2019art de pratiquer l\u2019\u00e9nerg\u00e9tique sur une personne \u00e0 distance, sans forc\u00e9ment toucher, afin de r\u00e9tablir son circuit \u00e9nerg\u00e9tique. Il fait partie int\u00e9grante des pratiques de sant\u00e9 de la m\u00e9decine traditionnelle chinoise, notamment pratiqu\u00e9es par les moines Shao Lin. La personne pourra ressentir de la chaleur sur les zones [&hellip;]<\/p>\n","protected":false},"author":3,"featured_media":0,"parent":0,"menu_order":0,"comment_status":"closed","ping_status":"closed","template":"","meta":{"footnotes":""},"class_list":["post-244","page","type-page","status-publish","hentry"],"_links":{"self":[{"href":"https:\/\/fannyrigaud.com\/index.php\/wp-json\/wp\/v2\/pages\/244","targetHints":{"allow":["GET"]}}],"collection":[{"href":"https:\/\/fannyrigaud.com\/index.php\/wp-json\/wp\/v2\/pages"}],"about":[{"href":"https:\/\/fannyrigaud.com\/index.php\/wp-json\/wp\/v2\/types\/page"}],"author":[{"embeddable":true,"href":"https:\/\/fannyrigaud.com\/index.php\/wp-json\/wp\/v2\/users\/3"}],"replies":[{"embeddable":true,"href":"https:\/\/fannyrigaud.com\/index.php\/wp-json\/wp\/v2\/comments?post=244"}],"version-history":[{"count":2,"href":"https:\/\/fannyrigaud.com\/index.php\/wp-json\/wp\/v2\/pages\/244\/revisions"}],"predecessor-version":[{"id":246,"href":"https:\/\/fannyrigaud.com\/index.php\/wp-json\/wp\/v2\/pages\/244\/revisions\/246"}],"wp:attachment":[{"href":"https:\/\/fannyrigaud.com\/index.php\/wp-json\/wp\/v2\/media?parent=244"}],"curies":[{"name":"wp","href":"https:\/\/api.w.org\/{rel}","templated":true}]}}