{"id":6,"date":"2017-03-19T18:32:57","date_gmt":"2017-03-19T18:32:57","guid":{"rendered":"https:\/\/fannyrigaudcom.wordpress.com\/?page_id=2"},"modified":"2026-02-08T21:05:32","modified_gmt":"2026-02-08T21:05:32","slug":"about","status":"publish","type":"page","link":"https:\/\/fannyrigaud.com\/index.php\/about\/","title":{"rendered":"About"},"content":{"rendered":"<h2><strong>Press<\/strong><\/h2>\n<p><img loading=\"lazy\" decoding=\"async\" class=\"alignnone size-full wp-image-158\" src=\"https:\/\/fannyrigaud.com\/wp-content\/uploads\/2017\/05\/screen-shot-2017-05-30-at-11-04-43.png\" alt=\"Screen Shot 2017-05-30 at 11.04.43\" width=\"2366\" height=\"1618\" srcset=\"https:\/\/fannyrigaud.com\/wp-content\/uploads\/2017\/05\/screen-shot-2017-05-30-at-11-04-43.png 2366w, https:\/\/fannyrigaud.com\/wp-content\/uploads\/2017\/05\/screen-shot-2017-05-30-at-11-04-43-300x205.png 300w, https:\/\/fannyrigaud.com\/wp-content\/uploads\/2017\/05\/screen-shot-2017-05-30-at-11-04-43-1024x700.png 1024w, https:\/\/fannyrigaud.com\/wp-content\/uploads\/2017\/05\/screen-shot-2017-05-30-at-11-04-43-768x525.png 768w, https:\/\/fannyrigaud.com\/wp-content\/uploads\/2017\/05\/screen-shot-2017-05-30-at-11-04-43-1536x1050.png 1536w, https:\/\/fannyrigaud.com\/wp-content\/uploads\/2017\/05\/screen-shot-2017-05-30-at-11-04-43-2048x1401.png 2048w, https:\/\/fannyrigaud.com\/wp-content\/uploads\/2017\/05\/screen-shot-2017-05-30-at-11-04-43-1500x1026.png 1500w\" sizes=\"auto, (max-width: 2366px) 100vw, 2366px\" \/><em>Blush 18 : <a href=\"https:\/\/issuu.com\/cyrilmontegu\/docs\/blush18\">https:\/\/issuu.com\/cyrilmontegu\/docs\/blush18<\/a><\/em><\/p>\n<h2><strong>About me<\/strong><\/h2>\n<blockquote>\n<p style=\"text-align: left;\" data-start=\"39\" data-end=\"465\">I am Fanny Rigaud, an expert in traditional Chinese therapies, and I have spent the past 25 years training with the best practitioners.<\/p>\n<p style=\"text-align: left;\" data-start=\"39\" data-end=\"465\">After more than fifteen years working in my practice to support others, I decided to focus on accompanying women, from puberty to menopause and beyond. My aim is to help them, to help <em data-start=\"360\" data-end=\"365\">you<\/em>, take back control of your well-being through shared advice, tips, and lifestyle habits to adopt.<\/p>\n<p style=\"text-align: left;\" data-start=\"467\" data-end=\"575\">All of this is offered with joy, curiosity, and kindness, as these are the very foundations of well-being.<\/p>\n<\/blockquote>\n<p><strong>Graduation<\/strong> :<\/p>\n<ul>\n<li>Aromatherapy- Shiatsu Andr\u00e9 Nahum School, Paris 2004<\/li>\n<li>Ohashiatsu Ohashi School, New York 2008<\/li>\n<li>Dien Shan, Facial Reflexology, Vietnam 2010<\/li>\n<li>Tha\u00ef Foot Reflexology, Tha\u00efland 2010<\/li>\n<li>Ko Bi Do, Anti Aging Tecnics, Japan 2010<\/li>\n<li>DNMTC- Traditional Chinese Medecine Certificate, Paris 2015<\/li>\n<li>Chinese Dietotherapy, Nice 2016<\/li>\n<li>Qi Gong Liao Fa 2023<\/li>\n<\/ul>\n<p>Based in Monaco.<\/p>\n<hr \/>\n<h2><strong>\u00c0 propos de moi<\/strong><\/h2>\n<blockquote>\n<p>Je suis Fanny Rigaud, experte en th\u00e9rapies traditionnelles chinoises, et je me forme depuis 25 ans aupr\u00e8s des meilleurs praticiens.<\/p>\n<p data-start=\"230\" data-end=\"550\">Apr\u00e8s une quinzaine d\u2019ann\u00e9es pass\u00e9es en cabinet au service des gens, j\u2019ai d\u00e9cid\u00e9 de me d\u00e9dier \u00e0 l\u2019accompagnement des femmes, de la pubert\u00e9 \u00e0 la m\u00e9nopause et au-del\u00e0, afin de les aider, de vous aider, \u00e0 reprendre votre bien-\u00eatre en main \u00e0 travers le partage de conseils, d\u2019astuces et d\u2019habitudes de vie \u00e0 adopter.<\/p>\n<p data-start=\"552\" data-end=\"662\">Tout cela dans la joie, la curiosit\u00e9 et la bienveillance, car ce sont pour moi les bases m\u00eames du bien-\u00eatre.<\/p>\n<\/blockquote>\n<p><strong>Dipl\u00f4m\u00e9e<\/strong> :<\/p>\n<ul>\n<li>Aromath\u00e9rapie- Shiatsu \u00c9cole Andr\u00e9 Nahum, Paris 2004<\/li>\n<li>Ohashiatsu Ohashi School, New York 2008<\/li>\n<li>Dien Shan, Facial Reflexology, Vietnam 2010<\/li>\n<li>Tha\u00ef Foot R\u00e9flexology, Tha\u00efland 2010<\/li>\n<li>Ko Bi Do, Anti Aging technics, Japan 2010<\/li>\n<li>Dipl\u00f4m\u00e9e DNMTC M\u00e9decine Chinoise, Paris 2015<\/li>\n<li>Dietotherapie Chinoise, Nice 2016<\/li>\n<li>Qi Gong Liao Fa 2023<\/li>\n<\/ul>\n<p>\u00a0<\/p>\n\n\n<figure class=\"wp-block-embed alignwide is-type-rich is-provider-tiktok wp-block-embed-tiktok\"><div class=\"wp-block-embed__wrapper\">\n<blockquote class=\"tiktok-embed\" cite=\"https:\/\/www.tiktok.com\/@fanny.rigaud\" data-unique-id=\"fanny.rigaud\" data-embed-from=\"oembed\" data-embed-type=\"creator\" style=\"max-width:780px; min-width:288px;\"> <section> <a target=\"_blank\" href=\"https:\/\/www.tiktok.com\/@fanny.rigaud?refer=creator_embed\">@fanny.rigaud<\/a> <\/section> <\/blockquote> <script async src=\"https:\/\/www.tiktok.com\/embed.js\"><\/script>\n<\/div><\/figure>\n","protected":false},"excerpt":{"rendered":"<p>This is just a short excerpt for the about&nbsp;page.<\/p>\n","protected":false},"author":2,"featured_media":73,"parent":0,"menu_order":1,"comment_status":"closed","ping_status":"closed","template":"","meta":{"footnotes":""},"class_list":["post-6","page","type-page","status-publish","has-post-thumbnail","hentry"],"_links":{"self":[{"href":"https:\/\/fannyrigaud.com\/index.php\/wp-json\/wp\/v2\/pages\/6","targetHints":{"allow":["GET"]}}],"collection":[{"href":"https:\/\/fannyrigaud.com\/index.php\/wp-json\/wp\/v2\/pages"}],"about":[{"href":"https:\/\/fannyrigaud.com\/index.php\/wp-json\/wp\/v2\/types\/page"}],"author":[{"embeddable":true,"href":"https:\/\/fannyrigaud.com\/index.php\/wp-json\/wp\/v2\/users\/2"}],"replies":[{"embeddable":true,"href":"https:\/\/fannyrigaud.com\/index.php\/wp-json\/wp\/v2\/comments?post=6"}],"version-history":[{"count":7,"href":"https:\/\/fannyrigaud.com\/index.php\/wp-json\/wp\/v2\/pages\/6\/revisions"}],"predecessor-version":[{"id":270,"href":"https:\/\/fannyrigaud.com\/index.php\/wp-json\/wp\/v2\/pages\/6\/revisions\/270"}],"wp:featuredmedia":[{"embeddable":true,"href":"https:\/\/fannyrigaud.com\/index.php\/wp-json\/wp\/v2\/media\/73"}],"wp:attachment":[{"href":"https:\/\/fannyrigaud.com\/index.php\/wp-json\/wp\/v2\/media?parent=6"}],"curies":[{"name":"wp","href":"https:\/\/api.w.org\/{rel}","templated":true}]}}