{"id":8,"date":"2017-03-19T18:32:54","date_gmt":"2017-03-19T18:32:54","guid":{"rendered":"https:\/\/fannyrigaudcom.wordpress.com\/?page_id=5"},"modified":"2017-03-19T18:32:54","modified_gmt":"2017-03-19T18:32:54","slug":"services","status":"publish","type":"page","link":"https:\/\/fannyrigaud.com\/index.php\/services\/","title":{"rendered":"Services"},"content":{"rendered":"<h3><b>\u00c9nerg\u00e9tique Traditionnelle Chinoise<\/b><\/h3>\n<div><\/div>\n<h3><b>Anti-\u00e2ge Facelift m\u00e9thode IUSHALIFT\u00ae<\/b><\/h3>\n<div>\n<div class=\"page\" title=\"Page 1\">\n<div class=\"section\">\n<div class=\"layoutArea\">\n<div class=\"column\">\n<p>La me\u0301thode de lifting manuel IUSHALIFT\u00ae est un soin holistique d&#8217;anti aging bluffant et unique. Ve\u0301ritable synthe\u0300se des savoirs ancestraux japonais, chinois et vietnamien en matie\u0300re de beaute\u0301 et de jeunesse, IUSHALIFT\u00ae est un soin naturel de rajeunissement d&#8217;exception, sans intervention invasive.<\/p>\n<p>Comment se de\u0301roule le soin IUSHALIFT\u00ae ?<\/p>\n<p>Le soin commence par une heure de massage du visage et du cou, re\u0301unissant des techniques de Kobido, de Dien Shan et de Tuina. Tout est fait sur mesure, apre\u0300s examen minutieux de l&#8217;e\u0301tat de la peau et bilan e\u0301nerge\u0301tique.<br \/>\nChaque visage est unique et me\u0301rite des gestes adapte\u0301s a\u0300 ses propres besoins<\/p>\n<p>Afin de remodeler, lisser les rides et ridules, re\u0301veiller le teint et l&#8217;e\u0301clat de la peau.<\/p>\n<p>Ensuite, durant 30 minutes, les aiguilles sont applique\u0301es sur des points strate\u0301giques du visage pour l&#8217;aculifting afin de re\u0301e\u0301quilibrer l&#8217;e\u0301nergie et re\u0301initialiser la production de collage\u0300ne. Un travail de Chi Nei Tsang, massage profond des organes internes, vient de\u0301cupler le pouvoir de l&#8217;acupuncture, permettant de libe\u0301rer toutes les tensions accumule\u0301es dans le ventre et de de\u0301toxiquer les organes.<\/p>\n<p>Votre peau retrouve son e\u0301clat et sa fermete\u0301 naturellement, avec un soin qui travaille votre beaute\u0301 inte\u0301rieure et exte\u0301rieure<\/p>\n<\/div>\n<\/div>\n<\/div>\n<\/div>\n<\/div>\n<h3><b>Shiatsu Th\u00e9rapeutique<\/b><\/h3>\n<div>Bas\u00e9 sur les principes de la M\u00e9decine Traditionnelle Chinoise<\/div>\n<div>Le Shiatsu est bas\u00e9 sur les principes de la M\u00e9decine Traditionnelle Chinoise, sur l\u2019\u00e9coute et la prise en compte de la personne dans sa globalit\u00e9.<\/div>\n<div>Il procure une d\u00e9tente physique et psychique profonde, lutte durablement contre le stress, stimule les d\u00e9fenses immunitaires.<\/div>\n<div>Vous \u00eates confortablement install\u00e9 sur un futon.<\/div>\n<div><\/div>\n<div>A l\u2019aide de pressions progressives des pouces et des paumes sur les trajets des m\u00e9ridiens d\u2019acupuncture et leurs extensions, le Shiatsu tonifie ou disperse selon les besoins.<\/div>\n<div>C\u2019est un soin sur mesure.<\/div>\n<div>Prenez le temps de prendre soin de vous\u2026<\/div>\n<div><\/div>\n<div>Le shiatsu n\u2019est pas une m\u00e9decine.<\/div>\n<div>Le Praticien s\u2019engage \u00e0 renvoyer vers tout m\u00e9decin ou sp\u00e9cialiste son client en cas de probl\u00e8me, \u00e0 ne prescrire aucun m\u00e9dicaments, \u00e0 ne pas arr\u00eater un traitement en cours.<\/div>\n<div><\/div>\n<h3><b>Tuina (massage Th\u00e9rapeutique chinois)<\/b><\/h3>\n<div>Le massage Tuina fait partie int\u00e9grante de la m\u00e9decine chinoise<\/div>\n<div>Le massage Tuina fait partie int\u00e9grante de la m\u00e9decine chinoise.<\/div>\n<div>Il a pour objectif de permettre une meilleure circulation des \u00e9nergies et du sang.<\/div>\n<div>Les m\u00e9ridiens (circuits \u00e9nerg\u00e9tiques) sont reli\u00e9s \u00e0 l\u2019ensemble des organes du corps et assurent la r\u00e9gulations des \u00e9nergies.<\/div>\n<div>Si les m\u00e9ridiens sont bloqu\u00e9s, cela cr\u00e9e des des d\u00e9s\u00e9quilibres qui conduisent au stress, \u00e0 la fatigue.<\/div>\n<div><\/div>\n<div>Les applications du Tuina contribuent \u00e0 augmenter la long\u00e9vit\u00e9.<\/div>\n<div>Le massage Tuina s\u2019effectue sur une table de massage professionnelle.<\/div>\n<div>Il consiste \u00e0 rep\u00e9rer les zones de tension et \u00e0 d\u00e9nouer les noeuds un par un en profondeur.<\/div>\n<div>Des points \u00e9nerg\u00e9tiques choisis sur mesure selon les besoins de la personne sont solicit\u00e9s afin de r\u00e9tablir la circulation dans les m\u00e9ridiens.<\/div>\n<div>Pratique du Guasha, des ventouses et des moxas<\/div>\n<div><\/div>\n<h3><b>Chi Nei Tsang<\/b><\/h3>\n<div>What is Chi Nei Tsang?<\/div>\n<div>Chi Nei Tsang literally means &#8220;working the energy of the internal organs&#8221;.<\/div>\n<div>Developed by the White Cloud Taoist Monks in ancient China, Chi Nei Tsang is a truly holistic approach to the healing touch modality, which applies the Taoist concept of Five Elements- Fire, Water, Earth, Wood and Metal-, as they relate to our internal organs and the way Chi ( energy) flows through them, to address our whole being.<\/div>\n<div>By moving the Chi, negative energies and blockages are released, which free you up to physical, emotional and spiritual health.<\/div>\n<div><\/div>\n<div>What are the benefits of Chi Nei Tsang ?<\/div>\n<div>It is used to detoxify and strengthen the mind and the body<\/div>\n<div>-Chi Nei Tsang will help to get rid of the different stagnations by elimination and by stimulating the lymphatic and circulation systems<\/div>\n<div>It strengthens the immune system and the resistance to the diseases.<\/div>\n<div>-Chi Nei Tsang will help to &#8220;digest&#8221; the emotions<\/div>\n<div>In traditional Chinese Medicine, it is said that our stomach is our second brain<\/div>\n<div>Any negative emotion is going to affect our general well being.<\/div>\n<div>Chi Nei Tsang helps to digest the emotions, helps to listen to our body, a way to a true healing. After a Chi Nei Tsang session, you will learn some exercises to do by yourself in order to be able to cure yourself.<\/div>\n<div><\/div>\n<div><i>Fran\u00e7ais<\/i><\/div>\n<div>Chi Nei Tsang signifie litt\u00e9ralement &#8220;travailler l&#8217;\u00e9nergie des organes internes&#8221;.<\/div>\n<div>C&#8217;est une approche holistique du massage, \u00e0 la fois doux et profond des organes situ\u00e9s dans l&#8217;abdomen. C&#8217;est un massage puissant, visant \u00e0 enlever les \u00e9nergies n\u00e9gatives qui se sont accumul\u00e9es au fil des ann\u00e9es, soit par des \u00e9motions ( stress, col\u00e8re, tristesse, etc.), soit par des interventions physiques (accidents, chirurgies).<\/div>\n<div>Ces mauvaises \u00e9nergies peuvent engendrer des pathologies, qui peuvent toucher le physique, le mental, l&#8217;\u00e9motionnel.<\/div>\n<div>Quels sont les b\u00e9n\u00e9fices du Chi Nei Tsang?<\/div>\n<div>-Le Chi Nei Tsang a pour but de d\u00e9sintoxiquer et de fortifier le corps<\/div>\n<div>Il va aider la personne \u00e0 se d\u00e9barrasser des stagnations en favorisant l&#8217;\u00e9limination et en stimulant les syst\u00e8mes lymphatiques et circulatoire.<\/div>\n<div>Il fortifie le syst\u00e8me immunitaire et renforce la r\u00e9sistance aux maladies.<\/div>\n<div>-Le Chi Nei Tsang aide \u00e0 &#8220;dig\u00e9rer&#8221; les \u00e9motions<\/div>\n<div>En M\u00e9decine Traditionnelle Chinoise, il est dit que notre ventre est notre 2\u00e8me cerveau<\/div>\n<div>Toute \u00e9motion n\u00e9gative non dig\u00e9r\u00e9e va affecter notre \u00e9tat g\u00e9n\u00e9ral.<\/div>\n<div>Le Chi Nei Tsang facilite la digestion \u00e9motionnelle, permet d&#8217;\u00eatre \u00e0 l&#8217;\u00e9coute de son corps, donc une voie vers un v\u00e9ritable \u00e9panouissement.<\/div>\n<div>Apr\u00e8s la s\u00e9ance, la personne apprend des techniques d&#8217;auto massage, des exercices de respiration qui lui permettront d&#8217;\u00eatre autonome pour son bien-\u00eatre.<\/div>\n<div><\/div>\n<h3><b>R\u00e9flexologie plantaire Tha\u00ef<\/b><\/h3>\n<div>Issue d\u2019une m\u00e9thode mill\u00e9naire, dans la plus pure tradition tha\u00eflandaise<\/div>\n<div>Par un toucher sp\u00e9cifique bas\u00e9 sur des mouvements lents et rapides sur la surface du pied et des mollets,<\/div>\n<div>va d\u00e9bloquer et d\u00e9nouer les tensions et permet ainsi de r\u00e9tablir l\u2019ensemble de l\u2019\u00e9quilibre \u00e9nerg\u00e9tique du corps<\/div>\n<div>Ses bienfaits :<\/div>\n<div>R\u00e9\u00e9quilibre l\u2019\u00e9nergie du corps<\/div>\n<div>Efface les tensions, le stress, la fatigue<\/div>\n<div>Renforce la vitalit\u00e9<\/div>\n<div>Assoupli les articulations<\/div>\n<div><\/div>\n<h3><b>Dietotherapie Chinoise<\/b><\/h3>\n<div class=\"page\" title=\"Page 1\">\n<div class=\"section\">\n<div class=\"layoutArea\">\n<div class=\"column\">\n<p>Dans le syste\u0300me me\u0301dical chinois, une alimentation de\u0301se\u0301quilibre\u0301e, inadapte\u0301e, est conside\u0301re\u0301e comme une grande cause de maladie depuis des mille\u0301naires.<br \/>\nBien manger est fondamental pour e\u0302tre en bonne sante\u0301.<br \/>\nParfois ce n&#8217;est pas suffisant, mais dans tout les cas c&#8217;est indispensable.<\/p>\n<p>La dietothe\u0301rapie Chinoise est une garantie de se\u0301rieux<br \/>\n&#8211; elle existe depuis des mille\u0301naires<br \/>\n&#8211; Elle est riche d&#8217;une expe\u0301rience exceptionnelle<br \/>\n&#8211; Elle peut dire aujourd&#8217;hui ce qui est bon ou au contraire mauvais pour notre e\u0301quilibre<\/p>\n<p>La dietotherapie Chinoise utilise les proprie\u0301te\u0301s des aliments pour entretenir la sante\u0301, la vitalite\u0301 et pre\u0301venir les maladies<br \/>\nAinsi, apre\u0300s un bilan e\u0301nerge\u0301tique personnel approfondi , vous de\u0301couvrez quels sont les aliments a\u0300 privile\u0301gier et a\u0300 e\u0301viter, des recettes adapte\u0301es, des conseils subtils afin de retrouver votre e\u0301nergie vitale.<\/p>\n<\/div>\n<\/div>\n<\/div>\n<\/div>\n","protected":false},"excerpt":{"rendered":"<p>This is the home page&#8217;s excerpt<\/p>\n","protected":false},"author":2,"featured_media":74,"parent":0,"menu_order":0,"comment_status":"closed","ping_status":"closed","template":"","meta":{"footnotes":""},"class_list":["post-8","page","type-page","status-publish","has-post-thumbnail","hentry"],"_links":{"self":[{"href":"https:\/\/fannyrigaud.com\/index.php\/wp-json\/wp\/v2\/pages\/8","targetHints":{"allow":["GET"]}}],"collection":[{"href":"https:\/\/fannyrigaud.com\/index.php\/wp-json\/wp\/v2\/pages"}],"about":[{"href":"https:\/\/fannyrigaud.com\/index.php\/wp-json\/wp\/v2\/types\/page"}],"author":[{"embeddable":true,"href":"https:\/\/fannyrigaud.com\/index.php\/wp-json\/wp\/v2\/users\/2"}],"replies":[{"embeddable":true,"href":"https:\/\/fannyrigaud.com\/index.php\/wp-json\/wp\/v2\/comments?post=8"}],"version-history":[{"count":0,"href":"https:\/\/fannyrigaud.com\/index.php\/wp-json\/wp\/v2\/pages\/8\/revisions"}],"wp:featuredmedia":[{"embeddable":true,"href":"https:\/\/fannyrigaud.com\/index.php\/wp-json\/wp\/v2\/media\/74"}],"wp:attachment":[{"href":"https:\/\/fannyrigaud.com\/index.php\/wp-json\/wp\/v2\/media?parent=8"}],"curies":[{"name":"wp","href":"https:\/\/api.w.org\/{rel}","templated":true}]}}